{"id":22,"date":"2013-06-07T10:46:01","date_gmt":"2013-06-07T10:46:01","guid":{"rendered":"http:\/\/demo2.woothemes.com\/woocommerce\/?post_type=product&#038;p=22"},"modified":"2025-11-14T15:47:17","modified_gmt":"2025-11-14T15:47:17","slug":"vajza-ne-dritare-rifat-ismaili","status":"publish","type":"product","link":"https:\/\/botimetrea.com\/index.php\/product\/vajza-ne-dritare-rifat-ismaili\/","title":{"rendered":"Vajza n\u00eb dritare, Rifat Ismaili"},"content":{"rendered":"<p><span style=\"font-weight: 400;\">Roman me elemente autobiografike, q\u00eb rikthen koh\u00ebn e f\u00ebmij\u00ebris\u00eb dhe rinis\u00eb p\u00ebrmes nj\u00eb v\u00ebshtrimi retrospektiv. Rifat Ismaili nd\u00ebrton nj\u00eb bot\u00eb t\u00eb brisht\u00eb dhe t\u00eb sinqert\u00eb, ku realiteti i s\u00eb kaluar\u00ebs dhe kujtesa personale nd\u00ebrthuren me emocione t\u00eb thella. Nj\u00eb rr\u00ebfim i qet\u00eb, i ndjesh\u00ebm dhe i pasuruar me figuracion poetik.<\/span><\/p>\n","protected":false},"excerpt":{"rendered":"<p><span style=\"font-weight: 400;\">Roman me elemente autobiografike, q\u00eb rikthen koh\u00ebn e f\u00ebmij\u00ebris\u00eb dhe rinis\u00eb p\u00ebrmes nj\u00eb v\u00ebshtrimi retrospektiv. Rifat Ismaili nd\u00ebrton nj\u00eb bot\u00eb t\u00eb brisht\u00eb dhe t\u00eb sinqert\u00eb, ku realiteti i s\u00eb kaluar\u00ebs dhe kujtesa personale nd\u00ebrthuren me emocione t\u00eb thella. Nj\u00eb rr\u00ebfim i qet\u00eb, i ndjesh\u00ebm dhe i pasuruar me figuracion poetik.<\/span><\/p>\n","protected":false},"featured_media":9663,"comment_status":"open","ping_status":"closed","template":"","meta":[],"product_brand":[],"product_cat":[71],"product_tag":[104],"class_list":{"0":"post-22","1":"product","2":"type-product","3":"status-publish","4":"has-post-thumbnail","6":"product_cat-novel","7":"product_tag-novel","9":"first","10":"instock","11":"shipping-taxable","12":"purchasable","13":"product-type-simple"},"_links":{"self":[{"href":"https:\/\/botimetrea.com\/index.php\/wp-json\/wp\/v2\/product\/22","targetHints":{"allow":["GET"]}}],"collection":[{"href":"https:\/\/botimetrea.com\/index.php\/wp-json\/wp\/v2\/product"}],"about":[{"href":"https:\/\/botimetrea.com\/index.php\/wp-json\/wp\/v2\/types\/product"}],"replies":[{"embeddable":true,"href":"https:\/\/botimetrea.com\/index.php\/wp-json\/wp\/v2\/comments?post=22"}],"wp:featuredmedia":[{"embeddable":true,"href":"https:\/\/botimetrea.com\/index.php\/wp-json\/wp\/v2\/media\/9663"}],"wp:attachment":[{"href":"https:\/\/botimetrea.com\/index.php\/wp-json\/wp\/v2\/media?parent=22"}],"wp:term":[{"taxonomy":"product_brand","embeddable":true,"href":"https:\/\/botimetrea.com\/index.php\/wp-json\/wp\/v2\/product_brand?post=22"},{"taxonomy":"product_cat","embeddable":true,"href":"https:\/\/botimetrea.com\/index.php\/wp-json\/wp\/v2\/product_cat?post=22"},{"taxonomy":"product_tag","embeddable":true,"href":"https:\/\/botimetrea.com\/index.php\/wp-json\/wp\/v2\/product_tag?post=22"}],"curies":[{"name":"wp","href":"https:\/\/api.w.org\/{rel}","templated":true}]}}