{"id":4631,"date":"2016-06-13T10:10:29","date_gmt":"2016-06-13T10:10:29","guid":{"rendered":"http:\/\/demo3.themealien.com\/mrbara\/?post_type=product&#038;p=4631"},"modified":"2025-11-14T15:22:24","modified_gmt":"2025-11-14T15:22:24","slug":"vajza-me-shpirt-prej-qelqi-qendresa-dulaku","status":"publish","type":"product","link":"https:\/\/botimetrea.com\/index.php\/product\/vajza-me-shpirt-prej-qelqi-qendresa-dulaku\/","title":{"rendered":"Vajza me shpirt prej qelqi, Q\u00ebndresa Dulaku"},"content":{"rendered":"<p><span style=\"font-weight: 400;\">Nj\u00eb proz\u00eb q\u00eb pasqyron p\u00ebrjetimet intime dhe sfidat e personazhit p\u00ebrball\u00eb realitetit t\u00eb p\u00ebrditsh\u00ebm. Qendresa Dulaku nd\u00ebrton nj\u00eb rr\u00ebfim t\u00eb qet\u00eb, t\u00eb brisht\u00eb dhe meditativ, ku rezistenca e njeriut dhe q\u00ebndrueshm\u00ebria ndaj rrethanave shpesh t\u00eb papajtueshme vijn\u00eb n\u00eb pah p\u00ebrmes nj\u00eb gjuhe t\u00eb past\u00ebr dhe t\u00eb drejtp\u00ebrdrejt\u00eb. Nj\u00eb lib\u00ebr q\u00eb flet p\u00ebr forc\u00ebn e brendshme dhe p\u00ebrballjen me jet\u00ebn.<\/span><\/p>\n","protected":false},"excerpt":{"rendered":"<p><span style=\"font-weight: 400;\">Nj\u00eb proz\u00eb q\u00eb pasqyron p\u00ebrjetimet intime dhe sfidat e personazhit p\u00ebrball\u00eb realitetit t\u00eb p\u00ebrditsh\u00ebm. Qendresa Dulaku nd\u00ebrton nj\u00eb rr\u00ebfim t\u00eb qet\u00eb, t\u00eb brisht\u00eb dhe meditativ, ku rezistenca e njeriut dhe q\u00ebndrueshm\u00ebria ndaj rrethanave shpesh t\u00eb papajtueshme vijn\u00eb n\u00eb pah p\u00ebrmes nj\u00eb gjuhe t\u00eb past\u00ebr dhe t\u00eb drejtp\u00ebrdrejt\u00eb. Nj\u00eb lib\u00ebr q\u00eb flet p\u00ebr forc\u00ebn e brendshme dhe p\u00ebrballjen me jet\u00ebn.<\/span><\/p>\n","protected":false},"featured_media":9650,"comment_status":"open","ping_status":"closed","template":"","meta":[],"product_brand":[],"product_cat":[105],"product_tag":[106],"class_list":{"0":"post-4631","1":"product","2":"type-product","3":"status-publish","4":"has-post-thumbnail","6":"product_cat-prose","7":"product_tag-prose","9":"first","10":"instock","11":"shipping-taxable","12":"purchasable","13":"product-type-simple"},"_links":{"self":[{"href":"https:\/\/botimetrea.com\/index.php\/wp-json\/wp\/v2\/product\/4631","targetHints":{"allow":["GET"]}}],"collection":[{"href":"https:\/\/botimetrea.com\/index.php\/wp-json\/wp\/v2\/product"}],"about":[{"href":"https:\/\/botimetrea.com\/index.php\/wp-json\/wp\/v2\/types\/product"}],"replies":[{"embeddable":true,"href":"https:\/\/botimetrea.com\/index.php\/wp-json\/wp\/v2\/comments?post=4631"}],"wp:featuredmedia":[{"embeddable":true,"href":"https:\/\/botimetrea.com\/index.php\/wp-json\/wp\/v2\/media\/9650"}],"wp:attachment":[{"href":"https:\/\/botimetrea.com\/index.php\/wp-json\/wp\/v2\/media?parent=4631"}],"wp:term":[{"taxonomy":"product_brand","embeddable":true,"href":"https:\/\/botimetrea.com\/index.php\/wp-json\/wp\/v2\/product_brand?post=4631"},{"taxonomy":"product_cat","embeddable":true,"href":"https:\/\/botimetrea.com\/index.php\/wp-json\/wp\/v2\/product_cat?post=4631"},{"taxonomy":"product_tag","embeddable":true,"href":"https:\/\/botimetrea.com\/index.php\/wp-json\/wp\/v2\/product_tag?post=4631"}],"curies":[{"name":"wp","href":"https:\/\/api.w.org\/{rel}","templated":true}]}}