{"id":4632,"date":"2015-06-13T10:01:05","date_gmt":"2015-06-13T10:01:05","guid":{"rendered":"http:\/\/demo3.themealien.com\/mrbara\/?post_type=product&#038;p=4632"},"modified":"2025-11-14T15:37:04","modified_gmt":"2025-11-14T15:37:04","slug":"diplomate-e-palekundur-yvonne-denise-kochli","status":"publish","type":"product","link":"https:\/\/botimetrea.com\/index.php\/product\/diplomate-e-palekundur-yvonne-denise-kochli\/","title":{"rendered":"Diplomate e pal\u00ebkundur, Yvonne-Denise K\u00f6chli"},"content":{"rendered":"<p><span style=\"font-weight: 400;\">P\u00ebrkthyer nga Naim Kryeziu dhe i shoq\u00ebruar me parath\u00ebnie e pasth\u00ebnie, libri \u00ebsht\u00eb konceptuar n\u00eb gjasht\u00eb kaptina q\u00eb trajtojn\u00eb barazin\u00eb gjinore dhe t\u00eb drejtat e grave. N\u00eb fokus jan\u00eb t\u00eb drejtat kushtetuese, e drejta p\u00ebr vot\u00eb, politika gjinore, paragjykimet dhe rruga e grave drejt fuqizimit. Protagonistja, diplomatja Micheline Calmy-Rey, paraqitet si shembull i vendosm\u00ebris\u00eb dhe vizionit emancipues.<\/span><\/p>\n","protected":false},"excerpt":{"rendered":"<p><span style=\"font-weight: 400;\">P\u00ebrkthyer nga Naim Kryeziu dhe i shoq\u00ebruar me parath\u00ebnie e pasth\u00ebnie, libri \u00ebsht\u00eb konceptuar n\u00eb gjasht\u00eb kaptina q\u00eb trajtojn\u00eb barazin\u00eb gjinore dhe t\u00eb drejtat e grave. N\u00eb fokus jan\u00eb t\u00eb drejtat kushtetuese, e drejta p\u00ebr vot\u00eb, politika gjinore, paragjykimet dhe rruga e grave drejt fuqizimit. Protagonistja, diplomatja Micheline Calmy-Rey, paraqitet si shembull i vendosm\u00ebris\u00eb dhe vizionit emancipues.<\/span><\/p>\n","protected":false},"featured_media":9660,"comment_status":"open","ping_status":"closed","template":"","meta":[],"product_brand":[],"product_cat":[51,111],"product_tag":[112,113],"class_list":{"0":"post-4632","1":"product","2":"type-product","3":"status-publish","4":"has-post-thumbnail","6":"product_cat-biography","7":"product_cat-gender-studies","8":"product_tag-biography","9":"product_tag-gender-studies","11":"first","12":"instock","13":"shipping-taxable","14":"purchasable","15":"product-type-simple"},"_links":{"self":[{"href":"https:\/\/botimetrea.com\/index.php\/wp-json\/wp\/v2\/product\/4632","targetHints":{"allow":["GET"]}}],"collection":[{"href":"https:\/\/botimetrea.com\/index.php\/wp-json\/wp\/v2\/product"}],"about":[{"href":"https:\/\/botimetrea.com\/index.php\/wp-json\/wp\/v2\/types\/product"}],"replies":[{"embeddable":true,"href":"https:\/\/botimetrea.com\/index.php\/wp-json\/wp\/v2\/comments?post=4632"}],"wp:featuredmedia":[{"embeddable":true,"href":"https:\/\/botimetrea.com\/index.php\/wp-json\/wp\/v2\/media\/9660"}],"wp:attachment":[{"href":"https:\/\/botimetrea.com\/index.php\/wp-json\/wp\/v2\/media?parent=4632"}],"wp:term":[{"taxonomy":"product_brand","embeddable":true,"href":"https:\/\/botimetrea.com\/index.php\/wp-json\/wp\/v2\/product_brand?post=4632"},{"taxonomy":"product_cat","embeddable":true,"href":"https:\/\/botimetrea.com\/index.php\/wp-json\/wp\/v2\/product_cat?post=4632"},{"taxonomy":"product_tag","embeddable":true,"href":"https:\/\/botimetrea.com\/index.php\/wp-json\/wp\/v2\/product_tag?post=4632"}],"curies":[{"name":"wp","href":"https:\/\/api.w.org\/{rel}","templated":true}]}}