{"id":4636,"date":"2015-06-13T10:19:41","date_gmt":"2015-06-13T10:19:41","guid":{"rendered":"http:\/\/demo3.themealien.com\/mrbara\/?post_type=product&#038;p=4636"},"modified":"2025-11-14T15:34:17","modified_gmt":"2025-11-14T15:34:17","slug":"sheja-e-odiseut-erich-auerbach","status":"publish","type":"product","link":"https:\/\/botimetrea.com\/index.php\/product\/sheja-e-odiseut-erich-auerbach\/","title":{"rendered":"Sh\u00eaja e Odiseut, Erich Auerbach"},"content":{"rendered":"<p><span style=\"font-weight: 400;\">P\u00ebrb\u00ebr\u00eb nga kat\u00ebr ese letrare, teorike dhe filozofike, ky lib\u00ebr i Auerbachut ndalet te Homeri, G\u00ebteja, Shileri dhe shum\u00eb mendimtar\u00eb t\u00eb tjer\u00eb klasik\u00eb. P\u00ebrkthyer nga anglishtja nga Ilir Breca, vepra trajton probleme t\u00eb ndryshme estetike, interpretime t\u00eb let\u00ebrsis\u00eb antike dhe lidhjen e saj me zhvillimet kulturore t\u00eb m\u00ebvonshme. Nj\u00eb tekst i r\u00ebnd\u00ebsish\u00ebm p\u00ebr studiuesit e let\u00ebrsis\u00eb krahasuese.<\/span><\/p>\n","protected":false},"excerpt":{"rendered":"<p><span style=\"font-weight: 400;\">P\u00ebrb\u00ebr\u00eb nga kat\u00ebr ese letrare, teorike dhe filozofike, ky lib\u00ebr i Auerbachut ndalet te Homeri, G\u00ebteja, Shileri dhe shum\u00eb mendimtar\u00eb t\u00eb tjer\u00eb klasik\u00eb. P\u00ebrkthyer nga anglishtja nga Ilir Breca, vepra trajton probleme t\u00eb ndryshme estetike, interpretime t\u00eb let\u00ebrsis\u00eb antike dhe lidhjen e saj me zhvillimet kulturore t\u00eb m\u00ebvonshme. Nj\u00eb tekst i r\u00ebnd\u00ebsish\u00ebm p\u00ebr studiuesit e let\u00ebrsis\u00eb krahasuese.<\/span><\/p>\n","protected":false},"featured_media":9659,"comment_status":"open","ping_status":"closed","template":"","meta":[],"product_brand":[],"product_cat":[107],"product_tag":[108],"class_list":{"0":"post-4636","1":"product","2":"type-product","3":"status-publish","4":"has-post-thumbnail","6":"product_cat-literary-theory","7":"product_tag-literary-theory","9":"first","10":"instock","11":"shipping-taxable","12":"purchasable","13":"product-type-simple"},"_links":{"self":[{"href":"https:\/\/botimetrea.com\/index.php\/wp-json\/wp\/v2\/product\/4636","targetHints":{"allow":["GET"]}}],"collection":[{"href":"https:\/\/botimetrea.com\/index.php\/wp-json\/wp\/v2\/product"}],"about":[{"href":"https:\/\/botimetrea.com\/index.php\/wp-json\/wp\/v2\/types\/product"}],"replies":[{"embeddable":true,"href":"https:\/\/botimetrea.com\/index.php\/wp-json\/wp\/v2\/comments?post=4636"}],"wp:featuredmedia":[{"embeddable":true,"href":"https:\/\/botimetrea.com\/index.php\/wp-json\/wp\/v2\/media\/9659"}],"wp:attachment":[{"href":"https:\/\/botimetrea.com\/index.php\/wp-json\/wp\/v2\/media?parent=4636"}],"wp:term":[{"taxonomy":"product_brand","embeddable":true,"href":"https:\/\/botimetrea.com\/index.php\/wp-json\/wp\/v2\/product_brand?post=4636"},{"taxonomy":"product_cat","embeddable":true,"href":"https:\/\/botimetrea.com\/index.php\/wp-json\/wp\/v2\/product_cat?post=4636"},{"taxonomy":"product_tag","embeddable":true,"href":"https:\/\/botimetrea.com\/index.php\/wp-json\/wp\/v2\/product_tag?post=4636"}],"curies":[{"name":"wp","href":"https:\/\/api.w.org\/{rel}","templated":true}]}}