{"id":4639,"date":"2015-06-14T01:56:56","date_gmt":"2015-06-14T01:56:56","guid":{"rendered":"http:\/\/demo3.themealien.com\/mrbara\/?post_type=product&#038;p=4639"},"modified":"2025-11-14T15:32:05","modified_gmt":"2025-11-14T15:32:05","slug":"arkivat-e-edenit-george-steiner","status":"publish","type":"product","link":"https:\/\/botimetrea.com\/index.php\/product\/arkivat-e-edenit-george-steiner\/","title":{"rendered":"Arkivat e Edenit, George Steiner"},"content":{"rendered":"<p><span style=\"font-weight: 400;\">P\u00ebrb\u00ebr\u00eb nga tri ese dhe nj\u00eb intervist\u00eb me George Steiner, ky botim trajton nd\u00ebrthurjen e let\u00ebrsis\u00eb me mitologjin\u00eb, filozofin\u00eb dhe religjionin. P\u00ebrkthyer nga anglishtja nga G\u00ebzim Aliu, Arta Halla\u00e7i dhe Leonora Hajra, libri ndalet edhe te marr\u00ebdh\u00ebnia mes proz\u00ebs dhe kritik\u00ebs, si dhe te bota intelektuale amerikane. Nj\u00eb tekst themelor p\u00ebr lexuesit e teoris\u00eb letrare dhe mendimit kritik. <\/span><\/p>\n","protected":false},"excerpt":{"rendered":"<p><span style=\"font-weight: 400;\">P\u00ebrb\u00ebr\u00eb nga tri ese dhe nj\u00eb intervist\u00eb me George Steiner, ky botim trajton nd\u00ebrthurjen e let\u00ebrsis\u00eb me mitologjin\u00eb, filozofin\u00eb dhe religjionin. P\u00ebrkthyer nga anglishtja nga G\u00ebzim Aliu, Arta Halla\u00e7i dhe Leonora Hajra, libri ndalet edhe te marr\u00ebdh\u00ebnia mes proz\u00ebs dhe kritik\u00ebs, si dhe te bota intelektuale amerikane. Nj\u00eb tekst themelor p\u00ebr lexuesit e teoris\u00eb letrare dhe mendimit kritik. <\/span><\/p>\n","protected":false},"featured_media":9658,"comment_status":"open","ping_status":"closed","template":"","meta":[],"product_brand":[],"product_cat":[89,110],"product_tag":[93,109],"class_list":{"0":"post-4639","1":"product","2":"type-product","3":"status-publish","4":"has-post-thumbnail","6":"product_cat-essay","7":"product_cat-literary-criticism","8":"product_tag-essay","9":"product_tag-literary-criticism","11":"first","12":"instock","13":"shipping-taxable","14":"purchasable","15":"product-type-simple"},"_links":{"self":[{"href":"https:\/\/botimetrea.com\/index.php\/wp-json\/wp\/v2\/product\/4639","targetHints":{"allow":["GET"]}}],"collection":[{"href":"https:\/\/botimetrea.com\/index.php\/wp-json\/wp\/v2\/product"}],"about":[{"href":"https:\/\/botimetrea.com\/index.php\/wp-json\/wp\/v2\/types\/product"}],"replies":[{"embeddable":true,"href":"https:\/\/botimetrea.com\/index.php\/wp-json\/wp\/v2\/comments?post=4639"}],"wp:featuredmedia":[{"embeddable":true,"href":"https:\/\/botimetrea.com\/index.php\/wp-json\/wp\/v2\/media\/9658"}],"wp:attachment":[{"href":"https:\/\/botimetrea.com\/index.php\/wp-json\/wp\/v2\/media?parent=4639"}],"wp:term":[{"taxonomy":"product_brand","embeddable":true,"href":"https:\/\/botimetrea.com\/index.php\/wp-json\/wp\/v2\/product_brand?post=4639"},{"taxonomy":"product_cat","embeddable":true,"href":"https:\/\/botimetrea.com\/index.php\/wp-json\/wp\/v2\/product_cat?post=4639"},{"taxonomy":"product_tag","embeddable":true,"href":"https:\/\/botimetrea.com\/index.php\/wp-json\/wp\/v2\/product_tag?post=4639"}],"curies":[{"name":"wp","href":"https:\/\/api.w.org\/{rel}","templated":true}]}}