{"id":5162,"date":"2016-07-15T06:56:14","date_gmt":"2016-07-15T06:56:14","guid":{"rendered":"http:\/\/demo.drfuri.com\/mrbara16\/product\/buckle-leather-sandals\/"},"modified":"2025-11-14T15:07:39","modified_gmt":"2025-11-14T15:07:39","slug":"letersia-shqipe-dhe-klasifikimi-bibliografik","status":"publish","type":"product","link":"https:\/\/botimetrea.com\/index.php\/product\/letersia-shqipe-dhe-klasifikimi-bibliografik\/","title":{"rendered":"Let\u00ebrsia shqipe dhe klasifikimi bibliografik, Jehona Shala"},"content":{"rendered":"<p>\u00cbsht\u00eb nd\u00ebr librat e rrall\u00eb q\u00eb<span style=\"font-weight: 400;\"> i dedikohet plot\u00ebsisht klasifikimit bibliografik, i cili trajton marr\u00ebdh\u00ebnien mes librit, bibliotek\u00ebs dhe metodologjive t\u00eb organizimit t\u00eb veprave. Jehona Shala analizon proz\u00ebn, poezin\u00eb dhe kritik\u00ebn letrare shqipe p\u00ebrmes teorive t\u00eb klasifikimit, duke sjell\u00eb nj\u00eb qasje t\u00eb re n\u00eb shkenc\u00ebn e bibliotekonomis\u00eb. Nj\u00eb lib\u00ebr i r\u00ebnd\u00ebsish\u00ebm akademik p\u00ebr student\u00ebt, bibliotekar\u00ebt dhe studiuesit e fush\u00ebs.<\/span><\/p>\n","protected":false},"excerpt":{"rendered":"<p>\u00cbsht\u00eb nd\u00ebr librat e rrall\u00eb q\u00eb<span style=\"font-weight: 400;\"> i dedikohet plot\u00ebsisht klasifikimit bibliografik, i cili trajton marr\u00ebdh\u00ebnien mes librit, bibliotek\u00ebs dhe metodologjive t\u00eb organizimit t\u00eb veprave. Jehona Shala analizon proz\u00ebn, poezin\u00eb dhe kritik\u00ebn letrare shqipe p\u00ebrmes teorive t\u00eb klasifikimit, duke sjell\u00eb nj\u00eb qasje t\u00eb re n\u00eb shkenc\u00ebn e bibliotekonomis\u00eb. Nj\u00eb lib\u00ebr i r\u00ebnd\u00ebsish\u00ebm akademik p\u00ebr student\u00ebt, bibliotekar\u00ebt dhe studiuesit e fush\u00ebs.<\/span><\/p>\n","protected":false},"featured_media":9646,"comment_status":"open","ping_status":"closed","template":"","meta":[],"product_brand":[],"product_cat":[102],"product_tag":[103],"class_list":{"0":"post-5162","1":"product","2":"type-product","3":"status-publish","4":"has-post-thumbnail","6":"product_cat-academic-study","7":"product_tag-academic-study","9":"first","10":"instock","11":"shipping-taxable","12":"purchasable","13":"product-type-simple"},"_links":{"self":[{"href":"https:\/\/botimetrea.com\/index.php\/wp-json\/wp\/v2\/product\/5162","targetHints":{"allow":["GET"]}}],"collection":[{"href":"https:\/\/botimetrea.com\/index.php\/wp-json\/wp\/v2\/product"}],"about":[{"href":"https:\/\/botimetrea.com\/index.php\/wp-json\/wp\/v2\/types\/product"}],"replies":[{"embeddable":true,"href":"https:\/\/botimetrea.com\/index.php\/wp-json\/wp\/v2\/comments?post=5162"}],"wp:featuredmedia":[{"embeddable":true,"href":"https:\/\/botimetrea.com\/index.php\/wp-json\/wp\/v2\/media\/9646"}],"wp:attachment":[{"href":"https:\/\/botimetrea.com\/index.php\/wp-json\/wp\/v2\/media?parent=5162"}],"wp:term":[{"taxonomy":"product_brand","embeddable":true,"href":"https:\/\/botimetrea.com\/index.php\/wp-json\/wp\/v2\/product_brand?post=5162"},{"taxonomy":"product_cat","embeddable":true,"href":"https:\/\/botimetrea.com\/index.php\/wp-json\/wp\/v2\/product_cat?post=5162"},{"taxonomy":"product_tag","embeddable":true,"href":"https:\/\/botimetrea.com\/index.php\/wp-json\/wp\/v2\/product_tag?post=5162"}],"curies":[{"name":"wp","href":"https:\/\/api.w.org\/{rel}","templated":true}]}}