{"id":5167,"date":"2015-07-15T07:00:17","date_gmt":"2015-07-15T07:00:17","guid":{"rendered":"http:\/\/demo.drfuri.com\/mrbara16\/product\/lace-up-sneakers\/"},"modified":"2025-11-14T15:21:52","modified_gmt":"2025-11-14T15:21:52","slug":"anatomia-e-kritikes-northrop-frye","status":"publish","type":"product","link":"https:\/\/botimetrea.com\/index.php\/product\/anatomia-e-kritikes-northrop-frye\/","title":{"rendered":"Anatomia e kritik\u00ebs, Northrop Frye"},"content":{"rendered":"<p><span style=\"font-weight: 400;\">Nj\u00eb prej veprave t\u00eb r\u00ebnd\u00ebsishme t\u00eb teoris\u00eb moderne t\u00eb let\u00ebrsis\u00eb, ku Northrop Frye nd\u00ebrton nj\u00eb sistem t\u00eb plot\u00eb t\u00eb kritik\u00ebs letrare p\u00ebrmes kategorive, arketipeve dhe strukturave narrative. P\u00ebrkthyer mjesht\u00ebrisht nga Avni Spahiu, libri \u00ebsht\u00eb nj\u00eb udh\u00ebrr\u00ebfyes i paz\u00ebvend\u00ebsuesh\u00ebm p\u00ebr studiuesit, student\u00ebt dhe t\u00eb gjith\u00eb ata q\u00eb duan t\u00eb kuptojn\u00eb mekanizmat e brendsh\u00ebm t\u00eb tekstit letrar.<\/span><\/p>\n","protected":false},"excerpt":{"rendered":"<p><span style=\"font-weight: 400;\">Nj\u00eb prej veprave t\u00eb r\u00ebnd\u00ebsishme t\u00eb teoris\u00eb moderne t\u00eb let\u00ebrsis\u00eb, ku Northrop Frye nd\u00ebrton nj\u00eb sistem t\u00eb plot\u00eb t\u00eb kritik\u00ebs letrare p\u00ebrmes kategorive, arketipeve dhe strukturave narrative. P\u00ebrkthyer mjesht\u00ebrisht nga Avni Spahiu, libri \u00ebsht\u00eb nj\u00eb udh\u00ebrr\u00ebfyes i paz\u00ebvend\u00ebsuesh\u00ebm p\u00ebr studiuesit, student\u00ebt dhe t\u00eb gjith\u00eb ata q\u00eb duan t\u00eb kuptojn\u00eb mekanizmat e brendsh\u00ebm t\u00eb tekstit letrar.<\/span><\/p>\n","protected":false},"featured_media":9652,"comment_status":"open","ping_status":"closed","template":"","meta":[],"product_brand":[],"product_cat":[107],"product_tag":[108],"class_list":{"0":"post-5167","1":"product","2":"type-product","3":"status-publish","4":"has-post-thumbnail","6":"product_cat-literary-theory","7":"product_tag-literary-theory","9":"first","10":"instock","11":"shipping-taxable","12":"purchasable","13":"product-type-simple"},"_links":{"self":[{"href":"https:\/\/botimetrea.com\/index.php\/wp-json\/wp\/v2\/product\/5167","targetHints":{"allow":["GET"]}}],"collection":[{"href":"https:\/\/botimetrea.com\/index.php\/wp-json\/wp\/v2\/product"}],"about":[{"href":"https:\/\/botimetrea.com\/index.php\/wp-json\/wp\/v2\/types\/product"}],"replies":[{"embeddable":true,"href":"https:\/\/botimetrea.com\/index.php\/wp-json\/wp\/v2\/comments?post=5167"}],"wp:featuredmedia":[{"embeddable":true,"href":"https:\/\/botimetrea.com\/index.php\/wp-json\/wp\/v2\/media\/9652"}],"wp:attachment":[{"href":"https:\/\/botimetrea.com\/index.php\/wp-json\/wp\/v2\/media?parent=5167"}],"wp:term":[{"taxonomy":"product_brand","embeddable":true,"href":"https:\/\/botimetrea.com\/index.php\/wp-json\/wp\/v2\/product_brand?post=5167"},{"taxonomy":"product_cat","embeddable":true,"href":"https:\/\/botimetrea.com\/index.php\/wp-json\/wp\/v2\/product_cat?post=5167"},{"taxonomy":"product_tag","embeddable":true,"href":"https:\/\/botimetrea.com\/index.php\/wp-json\/wp\/v2\/product_tag?post=5167"}],"curies":[{"name":"wp","href":"https:\/\/api.w.org\/{rel}","templated":true}]}}