{"id":5173,"date":"2025-11-11T00:00:36","date_gmt":"2025-11-11T00:00:36","guid":{"rendered":"http:\/\/demo.drfuri.com\/mrbara16\/product\/suede-penny-loafers\/"},"modified":"2025-11-14T15:01:04","modified_gmt":"2025-11-14T15:01:04","slug":"aferdita-bashota-podvorica","status":"publish","type":"product","link":"https:\/\/botimetrea.com\/index.php\/product\/aferdita-bashota-podvorica\/","title":{"rendered":"Mei prek yjet me dor\u00eb, Af\u00ebrdita Bashota-Podvorica"},"content":{"rendered":"<p><span style=\"font-weight: 400;\">Lib\u00ebr me poezi p\u00ebr f\u00ebmij\u00eb, ku trajtohen tema t\u00eb ndryshme, si: m\u00ebrgimi, f\u00ebmij\u00ebria, natyra, shkolla, \u00ebndrrat dhe dashuria. Af\u00ebrdita Bashota-Podvorica nd\u00ebrthur but\u00ebsin\u00eb, loj\u00ebn dhe imagjinat\u00ebn p\u00ebr t\u00eb krijuar vargje q\u00eb u japin jet\u00eb ndjenjave dhe bot\u00ebs s\u00eb pasur t\u00eb f\u00ebmij\u00ebve. Libri \u00ebsht\u00eb nj\u00eb udh\u00ebtim i ndritsh\u00ebm poetik q\u00eb i fton lexuesit e vegj\u00ebl t\u2019i shohin yjet nga af\u00ebr.<\/span><\/p>\n","protected":false},"excerpt":{"rendered":"<p><span style=\"font-weight: 400;\">Lib\u00ebr me poezi p\u00ebr f\u00ebmij\u00eb, ku trajtohen tema t\u00eb ndryshme, si: m\u00ebrgimi, f\u00ebmij\u00ebria, natyra, shkolla, \u00ebndrrat dhe dashuria. Af\u00ebrdita Bashota-Podvorica nd\u00ebrthur but\u00ebsin\u00eb, loj\u00ebn dhe imagjinat\u00ebn p\u00ebr t\u00eb krijuar vargje q\u00eb u japin jet\u00eb ndjenjave dhe bot\u00ebs s\u00eb pasur t\u00eb f\u00ebmij\u00ebve. Libri \u00ebsht\u00eb nj\u00eb udh\u00ebtim i ndritsh\u00ebm poetik q\u00eb i fton lexuesit e vegj\u00ebl t\u2019i shohin yjet nga af\u00ebr.<\/span><\/p>\n","protected":false},"featured_media":9644,"comment_status":"open","ping_status":"closed","template":"","meta":[],"product_brand":[],"product_cat":[87],"product_tag":[95],"class_list":{"0":"post-5173","1":"product","2":"type-product","3":"status-publish","4":"has-post-thumbnail","6":"product_cat-childrens-book-2","7":"product_tag-childrens-book","9":"first","10":"instock","11":"shipping-taxable","12":"purchasable","13":"product-type-simple"},"_links":{"self":[{"href":"https:\/\/botimetrea.com\/index.php\/wp-json\/wp\/v2\/product\/5173","targetHints":{"allow":["GET"]}}],"collection":[{"href":"https:\/\/botimetrea.com\/index.php\/wp-json\/wp\/v2\/product"}],"about":[{"href":"https:\/\/botimetrea.com\/index.php\/wp-json\/wp\/v2\/types\/product"}],"replies":[{"embeddable":true,"href":"https:\/\/botimetrea.com\/index.php\/wp-json\/wp\/v2\/comments?post=5173"}],"wp:featuredmedia":[{"embeddable":true,"href":"https:\/\/botimetrea.com\/index.php\/wp-json\/wp\/v2\/media\/9644"}],"wp:attachment":[{"href":"https:\/\/botimetrea.com\/index.php\/wp-json\/wp\/v2\/media?parent=5173"}],"wp:term":[{"taxonomy":"product_brand","embeddable":true,"href":"https:\/\/botimetrea.com\/index.php\/wp-json\/wp\/v2\/product_brand?post=5173"},{"taxonomy":"product_cat","embeddable":true,"href":"https:\/\/botimetrea.com\/index.php\/wp-json\/wp\/v2\/product_cat?post=5173"},{"taxonomy":"product_tag","embeddable":true,"href":"https:\/\/botimetrea.com\/index.php\/wp-json\/wp\/v2\/product_tag?post=5173"}],"curies":[{"name":"wp","href":"https:\/\/api.w.org\/{rel}","templated":true}]}}